{"id":2237,"date":"2021-01-27T11:26:06","date_gmt":"2021-01-27T16:26:06","guid":{"rendered":"https:\/\/unity.com.co\/tintas-y-barnices\/?post_type=product&#038;p=2237"},"modified":"2021-03-09T11:53:48","modified_gmt":"2021-03-09T16:53:48","slug":"tintas-offset-uv-mercurio","status":"publish","type":"product","link":"https:\/\/unity.com.co\/tintas-y-barnices\/product\/tintas-offset-uv-mercurio\/","title":{"rendered":"TINTAS FLEXO UV MERCURIO"},"content":{"rendered":"<p>Serie de Tintas Flexo uv Mercurio de alta prestaci\u00f3n para papeles y pel\u00edculas pl\u00e1sticas en m\u00e1quinas flexogr\u00e1ficas de alta, mediana y baja velocidad<\/p>\n","protected":false},"excerpt":{"rendered":"<p>Consultor\u00eda T\u00e9cnica Celular: 3184492377<\/p>\n","protected":false},"featured_media":2238,"comment_status":"closed","ping_status":"closed","template":"","meta":{"_joinchat":[]},"product_cat":[41],"product_tag":[],"class_list":["post-2237","product","type-product","status-publish","has-post-thumbnail","hentry","product_cat-tintas"],"_links":{"self":[{"href":"https:\/\/unity.com.co\/tintas-y-barnices\/wp-json\/wp\/v2\/product\/2237","targetHints":{"allow":["GET"]}}],"collection":[{"href":"https:\/\/unity.com.co\/tintas-y-barnices\/wp-json\/wp\/v2\/product"}],"about":[{"href":"https:\/\/unity.com.co\/tintas-y-barnices\/wp-json\/wp\/v2\/types\/product"}],"replies":[{"embeddable":true,"href":"https:\/\/unity.com.co\/tintas-y-barnices\/wp-json\/wp\/v2\/comments?post=2237"}],"wp:featuredmedia":[{"embeddable":true,"href":"https:\/\/unity.com.co\/tintas-y-barnices\/wp-json\/wp\/v2\/media\/2238"}],"wp:attachment":[{"href":"https:\/\/unity.com.co\/tintas-y-barnices\/wp-json\/wp\/v2\/media?parent=2237"}],"wp:term":[{"taxonomy":"product_cat","embeddable":true,"href":"https:\/\/unity.com.co\/tintas-y-barnices\/wp-json\/wp\/v2\/product_cat?post=2237"},{"taxonomy":"product_tag","embeddable":true,"href":"https:\/\/unity.com.co\/tintas-y-barnices\/wp-json\/wp\/v2\/product_tag?post=2237"}],"curies":[{"name":"wp","href":"https:\/\/api.w.org\/{rel}","templated":true}]}}