{"id":2241,"date":"2021-01-27T11:32:56","date_gmt":"2021-01-27T16:32:56","guid":{"rendered":"https:\/\/unity.com.co\/tintas-y-barnices\/?post_type=product&#038;p=2241"},"modified":"2021-02-10T10:25:26","modified_gmt":"2021-02-10T15:25:26","slug":"tintas-flexo-base-agua","status":"publish","type":"product","link":"https:\/\/unity.com.co\/tintas-y-barnices\/product\/tintas-flexo-base-agua\/","title":{"rendered":"TINTAS FLEXO BASE AGUA"},"content":{"rendered":"<p><span data-sheets-value=\"{&quot;1&quot;:2,&quot;2&quot;:&quot;Serie de Tintas Flexo base Agua de alta prestaci\u00f3n para papeles recubiertos y no recubiertos en m\u00e1quinas flexogr\u00e1ficas de alta, mediana y baja velocidad&quot;}\" data-sheets-userformat=\"{&quot;2&quot;:10625,&quot;3&quot;:{&quot;1&quot;:0,&quot;3&quot;:1},&quot;10&quot;:1,&quot;11&quot;:4,&quot;14&quot;:{&quot;1&quot;:3,&quot;3&quot;:1},&quot;16&quot;:11}\">Serie de Tintas Flexo base Agua de alta prestaci\u00f3n para papeles recubiertos y no <\/span><span data-sheets-value=\"{&quot;1&quot;:2,&quot;2&quot;:&quot;Serie de Tintas Flexo base Agua de alta prestaci\u00f3n para papeles recubiertos y no recubiertos en m\u00e1quinas flexogr\u00e1ficas de alta, mediana y baja velocidad&quot;}\" data-sheets-userformat=\"{&quot;2&quot;:10625,&quot;3&quot;:{&quot;1&quot;:0,&quot;3&quot;:1},&quot;10&quot;:1,&quot;11&quot;:4,&quot;14&quot;:{&quot;1&quot;:3,&quot;3&quot;:1},&quot;16&quot;:11}\">recubiertos en m\u00e1quinas flexogr\u00e1ficas de alta, mediana y baja velocidad<\/span><\/p>\n","protected":false},"excerpt":{"rendered":"<p><span data-sheets-value=\"{&quot;1&quot;:2,&quot;2&quot;:&quot;Envase 4 Kilos &quot;}\" data-sheets-userformat=\"{&quot;2&quot;:10369,&quot;3&quot;:{&quot;1&quot;:0,&quot;3&quot;:1},&quot;10&quot;:0,&quot;14&quot;:{&quot;1&quot;:3,&quot;3&quot;:1},&quot;16&quot;:11}\">Envase 4 Kilos<\/span><\/p>\n<h6>Consultor\u00eda T\u00e9cnica Celular: 3184492377<\/h6>\n","protected":false},"featured_media":2242,"comment_status":"closed","ping_status":"closed","template":"","meta":{"_joinchat":[]},"product_cat":[41],"product_tag":[],"class_list":["post-2241","product","type-product","status-publish","has-post-thumbnail","hentry","product_cat-tintas"],"_links":{"self":[{"href":"https:\/\/unity.com.co\/tintas-y-barnices\/wp-json\/wp\/v2\/product\/2241","targetHints":{"allow":["GET"]}}],"collection":[{"href":"https:\/\/unity.com.co\/tintas-y-barnices\/wp-json\/wp\/v2\/product"}],"about":[{"href":"https:\/\/unity.com.co\/tintas-y-barnices\/wp-json\/wp\/v2\/types\/product"}],"replies":[{"embeddable":true,"href":"https:\/\/unity.com.co\/tintas-y-barnices\/wp-json\/wp\/v2\/comments?post=2241"}],"wp:featuredmedia":[{"embeddable":true,"href":"https:\/\/unity.com.co\/tintas-y-barnices\/wp-json\/wp\/v2\/media\/2242"}],"wp:attachment":[{"href":"https:\/\/unity.com.co\/tintas-y-barnices\/wp-json\/wp\/v2\/media?parent=2241"}],"wp:term":[{"taxonomy":"product_cat","embeddable":true,"href":"https:\/\/unity.com.co\/tintas-y-barnices\/wp-json\/wp\/v2\/product_cat?post=2241"},{"taxonomy":"product_tag","embeddable":true,"href":"https:\/\/unity.com.co\/tintas-y-barnices\/wp-json\/wp\/v2\/product_tag?post=2241"}],"curies":[{"name":"wp","href":"https:\/\/api.w.org\/{rel}","templated":true}]}}