{"id":2271,"date":"2021-01-27T13:41:43","date_gmt":"2021-01-27T18:41:43","guid":{"rendered":"https:\/\/unity.com.co\/tintas-y-barnices\/?post_type=product&#038;p=2271"},"modified":"2021-02-10T10:22:41","modified_gmt":"2021-02-10T15:22:41","slug":"marcador-de-dinaje","status":"publish","type":"product","link":"https:\/\/unity.com.co\/tintas-y-barnices\/product\/marcador-de-dinaje\/","title":{"rendered":"Marcador de Dinaje"},"content":{"rendered":"<p><span data-sheets-value=\"{&quot;1&quot;:2,&quot;2&quot;:&quot;Se utiliza para medir tensi\u00f3n superficial de pel\u00edculas pl\u00e1sticas No. 38 \/40&quot;}\" data-sheets-userformat=\"{&quot;2&quot;:10625,&quot;3&quot;:{&quot;1&quot;:0,&quot;3&quot;:1},&quot;10&quot;:1,&quot;11&quot;:4,&quot;14&quot;:{&quot;1&quot;:3,&quot;3&quot;:1},&quot;16&quot;:11}\">Se utiliza para medir tensi\u00f3n superficial de pel\u00edculas pl\u00e1sticas No. 38 \/40<\/span><\/p>\n","protected":false},"excerpt":{"rendered":"<p><span data-sheets-value=\"{&quot;1&quot;:3,&quot;3&quot;:1}\" data-sheets-userformat=\"{&quot;2&quot;:10369,&quot;3&quot;:{&quot;1&quot;:0,&quot;3&quot;:1},&quot;10&quot;:0,&quot;14&quot;:{&quot;1&quot;:3,&quot;3&quot;:1},&quot;16&quot;:11}\">1 UNIDAD<\/span><\/p>\n","protected":false},"featured_media":2272,"comment_status":"closed","ping_status":"closed","template":"","meta":{"_joinchat":[]},"product_cat":[79],"product_tag":[],"class_list":["post-2271","product","type-product","status-publish","has-post-thumbnail","hentry","product_cat-equipos-de-medicion"],"_links":{"self":[{"href":"https:\/\/unity.com.co\/tintas-y-barnices\/wp-json\/wp\/v2\/product\/2271","targetHints":{"allow":["GET"]}}],"collection":[{"href":"https:\/\/unity.com.co\/tintas-y-barnices\/wp-json\/wp\/v2\/product"}],"about":[{"href":"https:\/\/unity.com.co\/tintas-y-barnices\/wp-json\/wp\/v2\/types\/product"}],"replies":[{"embeddable":true,"href":"https:\/\/unity.com.co\/tintas-y-barnices\/wp-json\/wp\/v2\/comments?post=2271"}],"wp:featuredmedia":[{"embeddable":true,"href":"https:\/\/unity.com.co\/tintas-y-barnices\/wp-json\/wp\/v2\/media\/2272"}],"wp:attachment":[{"href":"https:\/\/unity.com.co\/tintas-y-barnices\/wp-json\/wp\/v2\/media?parent=2271"}],"wp:term":[{"taxonomy":"product_cat","embeddable":true,"href":"https:\/\/unity.com.co\/tintas-y-barnices\/wp-json\/wp\/v2\/product_cat?post=2271"},{"taxonomy":"product_tag","embeddable":true,"href":"https:\/\/unity.com.co\/tintas-y-barnices\/wp-json\/wp\/v2\/product_tag?post=2271"}],"curies":[{"name":"wp","href":"https:\/\/api.w.org\/{rel}","templated":true}]}}