{"id":2292,"date":"2021-01-27T14:20:40","date_gmt":"2021-01-27T19:20:40","guid":{"rendered":"https:\/\/unity.com.co\/tintas-y-barnices\/?post_type=product&#038;p=2292"},"modified":"2024-02-26T15:31:36","modified_gmt":"2024-02-26T20:31:36","slug":"producto-de-prueba-5","status":"publish","type":"product","link":"https:\/\/unity.com.co\/tintas-y-barnices\/product\/producto-de-prueba-5\/","title":{"rendered":"Kit saca pruebas tintas Offset (Quick peek)"},"content":{"rendered":"<p>Se utiliza para simular una impresi\u00f3n Offset como ayuda para formulaci\u00f3n de tintas, aplicaci\u00f3n Manual<\/p>\n","protected":false},"excerpt":{"rendered":"<p>1 UNIDAD<\/p>\n<p>Comunicarse a Consultor\u00eda T\u00e9cnica Celular: 3184492377<\/p>\n","protected":false},"featured_media":2412,"comment_status":"closed","ping_status":"closed","template":"","meta":{"_joinchat":[]},"product_cat":[79],"product_tag":[],"class_list":["post-2292","product","type-product","status-publish","has-post-thumbnail","hentry","product_cat-equipos-de-medicion"],"_links":{"self":[{"href":"https:\/\/unity.com.co\/tintas-y-barnices\/wp-json\/wp\/v2\/product\/2292","targetHints":{"allow":["GET"]}}],"collection":[{"href":"https:\/\/unity.com.co\/tintas-y-barnices\/wp-json\/wp\/v2\/product"}],"about":[{"href":"https:\/\/unity.com.co\/tintas-y-barnices\/wp-json\/wp\/v2\/types\/product"}],"replies":[{"embeddable":true,"href":"https:\/\/unity.com.co\/tintas-y-barnices\/wp-json\/wp\/v2\/comments?post=2292"}],"wp:featuredmedia":[{"embeddable":true,"href":"https:\/\/unity.com.co\/tintas-y-barnices\/wp-json\/wp\/v2\/media\/2412"}],"wp:attachment":[{"href":"https:\/\/unity.com.co\/tintas-y-barnices\/wp-json\/wp\/v2\/media?parent=2292"}],"wp:term":[{"taxonomy":"product_cat","embeddable":true,"href":"https:\/\/unity.com.co\/tintas-y-barnices\/wp-json\/wp\/v2\/product_cat?post=2292"},{"taxonomy":"product_tag","embeddable":true,"href":"https:\/\/unity.com.co\/tintas-y-barnices\/wp-json\/wp\/v2\/product_tag?post=2292"}],"curies":[{"name":"wp","href":"https:\/\/api.w.org\/{rel}","templated":true}]}}