{"id":2300,"date":"2021-01-27T14:23:14","date_gmt":"2021-01-27T19:23:14","guid":{"rendered":"https:\/\/unity.com.co\/tintas-y-barnices\/?post_type=product&#038;p=2300"},"modified":"2021-03-09T11:55:34","modified_gmt":"2021-03-09T16:55:34","slug":"tintas-offset-uv-mercurio-2","status":"publish","type":"product","link":"https:\/\/unity.com.co\/tintas-y-barnices\/product\/tintas-offset-uv-mercurio-2\/","title":{"rendered":"TINTAS OFFSET UV MERCURIO"},"content":{"rendered":"<p>Serie de Tintas Offset ultra violeta mercurio de alta prestaci\u00f3n para pel\u00edculas pl\u00e1sticas, foil aluminio, pet, pvc y papeles en general<\/p>\n","protected":false},"excerpt":{"rendered":"<p>1 UNIDAD<\/p>\n<p>Consultor\u00eda T\u00e9cnica Celular: 3184492377<\/p>\n","protected":false},"featured_media":2345,"comment_status":"closed","ping_status":"closed","template":"","meta":{"_joinchat":[]},"product_cat":[41],"product_tag":[],"class_list":["post-2300","product","type-product","status-publish","has-post-thumbnail","hentry","product_cat-tintas"],"_links":{"self":[{"href":"https:\/\/unity.com.co\/tintas-y-barnices\/wp-json\/wp\/v2\/product\/2300","targetHints":{"allow":["GET"]}}],"collection":[{"href":"https:\/\/unity.com.co\/tintas-y-barnices\/wp-json\/wp\/v2\/product"}],"about":[{"href":"https:\/\/unity.com.co\/tintas-y-barnices\/wp-json\/wp\/v2\/types\/product"}],"replies":[{"embeddable":true,"href":"https:\/\/unity.com.co\/tintas-y-barnices\/wp-json\/wp\/v2\/comments?post=2300"}],"wp:featuredmedia":[{"embeddable":true,"href":"https:\/\/unity.com.co\/tintas-y-barnices\/wp-json\/wp\/v2\/media\/2345"}],"wp:attachment":[{"href":"https:\/\/unity.com.co\/tintas-y-barnices\/wp-json\/wp\/v2\/media?parent=2300"}],"wp:term":[{"taxonomy":"product_cat","embeddable":true,"href":"https:\/\/unity.com.co\/tintas-y-barnices\/wp-json\/wp\/v2\/product_cat?post=2300"},{"taxonomy":"product_tag","embeddable":true,"href":"https:\/\/unity.com.co\/tintas-y-barnices\/wp-json\/wp\/v2\/product_tag?post=2300"}],"curies":[{"name":"wp","href":"https:\/\/api.w.org\/{rel}","templated":true}]}}