{"id":2472,"date":"2021-03-20T09:28:33","date_gmt":"2021-03-20T14:28:33","guid":{"rendered":"https:\/\/unity.com.co\/tintas-y-barnices\/?post_type=product&#038;p=2472"},"modified":"2021-03-20T10:05:05","modified_gmt":"2021-03-20T15:05:05","slug":"barnices-sobre-impresion-base-aceite","status":"publish","type":"product","link":"https:\/\/unity.com.co\/tintas-y-barnices\/product\/barnices-sobre-impresion-base-aceite\/","title":{"rendered":"Barnices sobre impresi\u00f3n base Aceite"},"content":{"rendered":"<p>Se utiliza para aplicaci\u00f3n en rodillos maquinas Offset para dar brillo a volantes y cajas plegadizas funciona con soluci\u00f3n de la fuente<\/p>\n","protected":false},"excerpt":{"rendered":"<p>Consultor\u00eda T\u00e9cnica Celular: 3184492377<\/p>\n","protected":false},"featured_media":2473,"comment_status":"closed","ping_status":"closed","template":"","meta":{"_joinchat":[]},"product_cat":[76],"product_tag":[85],"class_list":["post-2472","product","type-product","status-publish","has-post-thumbnail","hentry","product_cat-barnices","product_tag-serigrafia"],"_links":{"self":[{"href":"https:\/\/unity.com.co\/tintas-y-barnices\/wp-json\/wp\/v2\/product\/2472","targetHints":{"allow":["GET"]}}],"collection":[{"href":"https:\/\/unity.com.co\/tintas-y-barnices\/wp-json\/wp\/v2\/product"}],"about":[{"href":"https:\/\/unity.com.co\/tintas-y-barnices\/wp-json\/wp\/v2\/types\/product"}],"replies":[{"embeddable":true,"href":"https:\/\/unity.com.co\/tintas-y-barnices\/wp-json\/wp\/v2\/comments?post=2472"}],"wp:featuredmedia":[{"embeddable":true,"href":"https:\/\/unity.com.co\/tintas-y-barnices\/wp-json\/wp\/v2\/media\/2473"}],"wp:attachment":[{"href":"https:\/\/unity.com.co\/tintas-y-barnices\/wp-json\/wp\/v2\/media?parent=2472"}],"wp:term":[{"taxonomy":"product_cat","embeddable":true,"href":"https:\/\/unity.com.co\/tintas-y-barnices\/wp-json\/wp\/v2\/product_cat?post=2472"},{"taxonomy":"product_tag","embeddable":true,"href":"https:\/\/unity.com.co\/tintas-y-barnices\/wp-json\/wp\/v2\/product_tag?post=2472"}],"curies":[{"name":"wp","href":"https:\/\/api.w.org\/{rel}","templated":true}]}}