{"id":2769,"date":"2023-03-23T12:51:13","date_gmt":"2023-03-23T17:51:13","guid":{"rendered":"https:\/\/unity.com.co\/tintas-y-barnices\/?post_type=product&#038;p=2769"},"modified":"2023-03-24T12:19:46","modified_gmt":"2023-03-24T17:19:46","slug":"leche-limpiadora-activador-de-planchas-upc-1-litro","status":"publish","type":"product","link":"https:\/\/unity.com.co\/tintas-y-barnices\/product\/leche-limpiadora-activador-de-planchas-upc-1-litro\/","title":{"rendered":"Leche limpiadora \/ Activador de Planchas UPC 1 Litro"},"content":{"rendered":"<p>Limpie el exceso de tinta en la plancha y aplique una cantidad generosa del producto sobre la misma<\/p>\n","protected":false},"excerpt":{"rendered":"<p>Este producto se usa para limpieza de plancha met\u00e1licas, poli\u00e9ster o laser incluidas t\u00e9rmico y digital<\/p>\n","protected":false},"featured_media":2770,"comment_status":"closed","ping_status":"closed","template":"","meta":{"_joinchat":[]},"product_cat":[80,78],"product_tag":[],"class_list":["post-2769","product","type-product","status-publish","has-post-thumbnail","hentry","product_cat-auxiliares-de-prensa-flexo","product_cat-auxiliares-prensa-offset"],"_links":{"self":[{"href":"https:\/\/unity.com.co\/tintas-y-barnices\/wp-json\/wp\/v2\/product\/2769","targetHints":{"allow":["GET"]}}],"collection":[{"href":"https:\/\/unity.com.co\/tintas-y-barnices\/wp-json\/wp\/v2\/product"}],"about":[{"href":"https:\/\/unity.com.co\/tintas-y-barnices\/wp-json\/wp\/v2\/types\/product"}],"replies":[{"embeddable":true,"href":"https:\/\/unity.com.co\/tintas-y-barnices\/wp-json\/wp\/v2\/comments?post=2769"}],"wp:featuredmedia":[{"embeddable":true,"href":"https:\/\/unity.com.co\/tintas-y-barnices\/wp-json\/wp\/v2\/media\/2770"}],"wp:attachment":[{"href":"https:\/\/unity.com.co\/tintas-y-barnices\/wp-json\/wp\/v2\/media?parent=2769"}],"wp:term":[{"taxonomy":"product_cat","embeddable":true,"href":"https:\/\/unity.com.co\/tintas-y-barnices\/wp-json\/wp\/v2\/product_cat?post=2769"},{"taxonomy":"product_tag","embeddable":true,"href":"https:\/\/unity.com.co\/tintas-y-barnices\/wp-json\/wp\/v2\/product_tag?post=2769"}],"curies":[{"name":"wp","href":"https:\/\/api.w.org\/{rel}","templated":true}]}}